{"id":1528,"date":"2017-08-27T18:37:37","date_gmt":"2017-08-27T18:37:37","guid":{"rendered":"http:\/\/iesmossenalcover.cat\/home\/?page_id=1528"},"modified":"2020-01-19T14:53:47","modified_gmt":"2020-01-19T14:53:47","slug":"llengues-estrangeres","status":"publish","type":"page","link":"https:\/\/www.iesmossenalcover.cat\/home\/departaments\/llengues-estrangeres\/","title":{"rendered":"Lleng\u00fces estrangeres"},"content":{"rendered":"<table width=\"100%\" cellspacing=\"0\" cellpadding=\"5\">\n<colgroup>\n<col width=\"128*\" \/>\n<col width=\"128*\" \/><\/colgroup>\n<tbody>\n<tr valign=\"top\">\n<td bgcolor=\"#2bd0d2\" width=\"50%\">\n<p align=\"center\"><img loading=\"lazy\" decoding=\"async\" class=\"alignnone size-medium wp-image-3448\" src=\"http:\/\/iesmossenalcover.cat\/home\/wp-content\/uploads\/2019\/08\/professorat-o-inform\u00e0tica-300x300.jpg\" alt=\"\" width=\"300\" height=\"300\" srcset=\"https:\/\/iesmossenalcover.cat\/home\/wp-content\/uploads\/2019\/08\/professorat-o-inform\u00e0tica-300x300.jpg 300w, https:\/\/iesmossenalcover.cat\/home\/wp-content\/uploads\/2019\/08\/professorat-o-inform\u00e0tica-150x150.jpg 150w, https:\/\/iesmossenalcover.cat\/home\/wp-content\/uploads\/2019\/08\/professorat-o-inform\u00e0tica.jpg 340w\" sizes=\"(max-width: 300px) 100vw, 300px\" \/><\/p>\n<p align=\"center\"><span style=\"color: #ffffff;\"><span style=\"font-family: Arial, sans-serif;\"><span style=\"font-size: large;\"><b>PROFESSORAT ANGL\u00c8S<\/b><\/span><\/span><\/span><\/p>\n<\/td>\n<td bgcolor=\"#2bd0d2\" width=\"50%\">\n<p align=\"center\"><img loading=\"lazy\" decoding=\"async\" class=\"alignnone size-medium wp-image-3447\" src=\"http:\/\/iesmossenalcover.cat\/home\/wp-content\/uploads\/2019\/08\/not\u00edcies-300x300.jpg\" alt=\"\" width=\"300\" height=\"300\" srcset=\"https:\/\/iesmossenalcover.cat\/home\/wp-content\/uploads\/2019\/08\/not\u00edcies-300x300.jpg 300w, https:\/\/iesmossenalcover.cat\/home\/wp-content\/uploads\/2019\/08\/not\u00edcies-150x150.jpg 150w, https:\/\/iesmossenalcover.cat\/home\/wp-content\/uploads\/2019\/08\/not\u00edcies.jpg 340w\" sizes=\"(max-width: 300px) 100vw, 300px\" \/><\/p>\n<p align=\"center\"><a href=\"http:\/\/iesmossenalcover.cat\/home\/Not\u00edcies\/departament-dangles\/\"><span style=\"color: #ffffff;\"><span style=\"font-family: Arial, sans-serif;\"><span style=\"font-size: large;\"><b>NOT\u00cdCIES ANGL\u00c8S<\/b><\/span><\/span><\/span><\/a><\/p>\n<\/td>\n<\/tr>\n<\/tbody>\n<\/table>\n<table width=\"100%\" cellspacing=\"0\" cellpadding=\"5\">\n<colgroup>\n<col width=\"128*\" \/>\n<col width=\"128*\" \/><\/colgroup>\n<tbody>\n<tr valign=\"top\">\n<td bgcolor=\"#2bd0d2\" width=\"50%\">\n<p align=\"center\"><img loading=\"lazy\" decoding=\"async\" class=\"alignnone size-medium wp-image-3448\" src=\"http:\/\/iesmossenalcover.cat\/home\/wp-content\/uploads\/2019\/08\/professorat-o-inform\u00e0tica-300x300.jpg\" alt=\"\" width=\"300\" height=\"300\" srcset=\"https:\/\/iesmossenalcover.cat\/home\/wp-content\/uploads\/2019\/08\/professorat-o-inform\u00e0tica-300x300.jpg 300w, https:\/\/iesmossenalcover.cat\/home\/wp-content\/uploads\/2019\/08\/professorat-o-inform\u00e0tica-150x150.jpg 150w, https:\/\/iesmossenalcover.cat\/home\/wp-content\/uploads\/2019\/08\/professorat-o-inform\u00e0tica.jpg 340w\" sizes=\"(max-width: 300px) 100vw, 300px\" \/><\/p>\n<p align=\"center\"><span style=\"color: #ffffff;\"><span style=\"font-family: Arial, sans-serif;\"><span style=\"font-size: large;\"><b>PROFESSORAT ALEMANY<\/b><\/span><\/span><\/span><\/p>\n<\/td>\n<td bgcolor=\"#2bd0d2\" width=\"50%\">\n<p align=\"center\"><img loading=\"lazy\" decoding=\"async\" class=\"alignnone size-medium wp-image-3447\" src=\"http:\/\/iesmossenalcover.cat\/home\/wp-content\/uploads\/2019\/08\/not\u00edcies-300x300.jpg\" alt=\"\" width=\"300\" height=\"300\" srcset=\"https:\/\/iesmossenalcover.cat\/home\/wp-content\/uploads\/2019\/08\/not\u00edcies-300x300.jpg 300w, https:\/\/iesmossenalcover.cat\/home\/wp-content\/uploads\/2019\/08\/not\u00edcies-150x150.jpg 150w, https:\/\/iesmossenalcover.cat\/home\/wp-content\/uploads\/2019\/08\/not\u00edcies.jpg 340w\" sizes=\"(max-width: 300px) 100vw, 300px\" \/><\/p>\n<p align=\"center\"><span style=\"color: #ffffff;\"><span style=\"font-family: Arial, sans-serif;\"><span style=\"font-size: large;\"><b>NOT\u00cdCIES ALEMANY<\/b><\/span><\/span><\/span><\/p>\n<\/td>\n<\/tr>\n<\/tbody>\n<\/table>\n","protected":false},"excerpt":{"rendered":"<p>PROFESSORAT ANGL\u00c8S NOT\u00cdCIES ANGL\u00c8S PROFESSORAT ALEMANY NOT\u00cdCIES ALEMANY<\/p>\n","protected":false},"author":2,"featured_media":0,"parent":10,"menu_order":0,"comment_status":"closed","ping_status":"closed","template":"","meta":{"footnotes":""},"_links":{"self":[{"href":"https:\/\/www.iesmossenalcover.cat\/home\/wp-json\/wp\/v2\/pages\/1528"}],"collection":[{"href":"https:\/\/www.iesmossenalcover.cat\/home\/wp-json\/wp\/v2\/pages"}],"about":[{"href":"https:\/\/www.iesmossenalcover.cat\/home\/wp-json\/wp\/v2\/types\/page"}],"author":[{"embeddable":true,"href":"https:\/\/www.iesmossenalcover.cat\/home\/wp-json\/wp\/v2\/users\/2"}],"replies":[{"embeddable":true,"href":"https:\/\/www.iesmossenalcover.cat\/home\/wp-json\/wp\/v2\/comments?post=1528"}],"version-history":[{"count":3,"href":"https:\/\/www.iesmossenalcover.cat\/home\/wp-json\/wp\/v2\/pages\/1528\/revisions"}],"predecessor-version":[{"id":4327,"href":"https:\/\/www.iesmossenalcover.cat\/home\/wp-json\/wp\/v2\/pages\/1528\/revisions\/4327"}],"up":[{"embeddable":true,"href":"https:\/\/www.iesmossenalcover.cat\/home\/wp-json\/wp\/v2\/pages\/10"}],"wp:attachment":[{"href":"https:\/\/www.iesmossenalcover.cat\/home\/wp-json\/wp\/v2\/media?parent=1528"}],"curies":[{"name":"wp","href":"https:\/\/api.w.org\/{rel}","templated":true}]}}