{"id":3356,"date":"2019-08-20T06:12:55","date_gmt":"2019-08-20T06:12:55","guid":{"rendered":"http:\/\/iesmossenalcover.cat\/home\/?page_id=3356"},"modified":"2024-12-09T22:15:06","modified_gmt":"2024-12-09T22:15:06","slug":"3r-deso-pla-destudis-i-criteris-de-qualificacio","status":"publish","type":"page","link":"https:\/\/www.iesmossenalcover.cat\/home\/estudis-i-programes\/3r-deso-pla-destudis-i-criteris-de-qualificacio\/","title":{"rendered":"3r d&#8217;ESO: Criteris d&#8217;avaluaci\u00f3 i qualificaci\u00f3"},"content":{"rendered":"<p style=\"text-align: center;\"><strong><span style=\"color: #000000;\">3r d&#8217;ESO: CLICAU DAMUNT CADA ASSIGNATURA PER A VEURE ELS SEUS CRITERIS D&#8217;AVALUACI\u00d3 I QUALIFICACI\u00d3<\/span><\/strong><\/p>\n<table border=\"1\" width=\"100%\" cellspacing=\"0\" cellpadding=\"5\">\n<colgroup>\n<col width=\"128*\" \/>\n<col width=\"128*\" \/><\/colgroup>\n<tbody>\n<tr>\n<td colspan=\"2\" valign=\"TOP\" bgcolor=\"#ff9900\" width=\"100%\">\n<h1 align=\"CENTER\"><strong><span style=\"color: #ffffff;\"><span style=\"font-family: Arial, sans-serif;\"><span style=\"font-size: large;\">3r d&#8217;ESO<\/span><\/span><\/span><\/strong><\/h1>\n<h1 align=\"CENTER\"><strong><span style=\"color: #ffffff;\"><span style=\"font-family: Arial, sans-serif;\"><span style=\"font-size: large;\">MAT\u00c8RIES<\/span><\/span><span style=\"font-family: Arial, sans-serif;\"><span style=\"font-size: large;\"> COMUNES (OBLIGAT\u00d2RIES)<\/span><\/span><\/span><\/strong><\/h1>\n<\/td>\n<\/tr>\n<tr valign=\"TOP\">\n<td bgcolor=\"#ffcc00\" width=\"50%\">\n<p align=\"CENTER\"><a href=\"https:\/\/docs.google.com\/document\/d\/1C9cIce8g4b9-xXHI8uk5jgY6Fh56kWo_0oQ1O5uHUsc\/edit?usp=sharing\"><span style=\"color: #ffffff;\"><strong><span style=\"font-family: Arial, sans-serif;\"><span style=\"font-size: large;\">Biologia i geologia<\/span><\/span><\/strong><\/span><\/a><\/p>\n<\/td>\n<td bgcolor=\"#ffcc00\" width=\"50%\">\n<p align=\"CENTER\"><a href=\"https:\/\/docs.google.com\/document\/d\/1e0LhxS5yrL0n2RL5ZjxDCvihzTGEsGp5\/edit?usp=sharing&amp;ouid=108207597532726905066&amp;rtpof=true&amp;sd=true\"><span style=\"color: #ffffff;\"><strong><span style=\"font-family: Arial, sans-serif;\"><span style=\"font-size: large;\">Educaci\u00f3 f\u00edsica<\/span><\/span><\/strong><\/span><\/a><\/p>\n<\/td>\n<\/tr>\n<tr valign=\"TOP\">\n<td bgcolor=\"#ffcc00\" width=\"50%\">\n<p align=\"CENTER\"><a href=\"https:\/\/docs.google.com\/document\/d\/1CAKmB_4lxBkiy2dA92mOIYVDnf5-wL_4ojGuLhXiJlE\/edit?usp=sharing\"><span style=\"color: #ffffff;\"><strong><span style=\"font-family: Arial, sans-serif;\"><span style=\"font-size: large;\">Geografia i Hist\u00f2ria<\/span><\/span><\/strong><\/span><\/a><\/p>\n<\/td>\n<td bgcolor=\"#ffcc00\" width=\"50%\">\n<p align=\"CENTER\"><a href=\"https:\/\/docs.google.com\/document\/d\/1SkBVMKaICHi9J65I9IdhUEv1En2-NyoTUebYOpXL3E0\/edit?usp=sharing\"><span style=\"color: #ffffff;\"><strong><span style=\"font-family: Arial, sans-serif;\"><span style=\"font-size: large;\">Llengua castellana i literatura<\/span><\/span><\/strong><\/span><\/a><\/p>\n<\/td>\n<\/tr>\n<tr valign=\"TOP\">\n<td bgcolor=\"#ffcc00\" width=\"50%\">\n<p align=\"CENTER\"><a href=\"https:\/\/docs.google.com\/document\/d\/10HG_gHpblaDa55ZZTPdmgsW2Bc7719R8FHaGVFYKp2o\/edit?usp=sharing\"><span style=\"color: #ffffff;\"><strong><span style=\"font-family: Arial, sans-serif;\"><span style=\"font-size: large;\">Llengua catalana i literatura<\/span><\/span><\/strong><\/span><\/a><\/p>\n<\/td>\n<td bgcolor=\"#ffcc00\" width=\"50%\">\n<p align=\"CENTER\"><a href=\"https:\/\/docs.google.com\/document\/d\/1vPpA7LzQnFuxEdq8OTurNwe98eE1DGSwKGOWkqq8JRo\/edit?usp=sharing\"><span style=\"color: #ffffff;\"><strong><span style=\"font-family: Arial, sans-serif;\"><span style=\"font-size: large;\">Angl\u00e8s<\/span><\/span><\/strong><\/span><\/a><\/p>\n<\/td>\n<\/tr>\n<tr valign=\"TOP\">\n<td bgcolor=\"#ffcc00\" width=\"50%\">\n<p align=\"CENTER\"><a href=\"https:\/\/docs.google.com\/document\/d\/1kB6CH2GGsrBcXY6EJrQJPVdF67yIzkRqErwowQhYKq4\/edit?usp=sharing\"><span style=\"color: #ffffff;\"><strong><span style=\"font-family: Arial, sans-serif;\"><span style=\"font-size: large;\">Matem\u00e0tiques<\/span><\/span><\/strong><\/span><\/a><\/p>\n<\/td>\n<td bgcolor=\"#ffcc00\" width=\"50%\">\n<p align=\"CENTER\"><a href=\"https:\/\/docs.google.com\/document\/d\/1W6bSrfxjG7ZWjqdEcclPBh5knFS1U0FjdTt5BUL-aHU\/edit?usp=sharing\"><span style=\"color: #ffffff;\"><strong><span style=\"font-family: Arial, sans-serif;\"><span style=\"font-size: large;\">F\u00edsica i qu\u00edmica<\/span><\/span><\/strong><\/span><\/a><\/p>\n<\/td>\n<\/tr>\n<tr>\n<td colspan=\"2\" valign=\"TOP\" bgcolor=\"#ffcc00\" width=\"100%\">\n<p align=\"CENTER\"><a href=\"https:\/\/docs.google.com\/document\/d\/1WdsF50hCSCijB-wWoyRUpyJ1Qt58cEkQNoNmlq3uk-0\/edit?usp=sharing\"><span style=\"color: #ffffff;\"><strong><span style=\"font-family: Arial, sans-serif;\"><span style=\"font-size: large;\">Tecnologia i ditalitzaci\u00f3<\/span><\/span><\/strong><\/span><\/a><\/p>\n<\/td>\n<\/tr>\n<tr>\n<td colspan=\"2\" valign=\"TOP\" bgcolor=\"#ff9900\" width=\"100%\">\n<h1 align=\"CENTER\"><span style=\"color: #ffffff;\"><strong><span style=\"font-family: Arial, sans-serif;\"><span style=\"font-size: large;\">Trieu-ne una: <\/span><\/span><\/strong><\/span><\/h1>\n<\/td>\n<\/tr>\n<tr valign=\"TOP\">\n<td bgcolor=\"#ffcc00\" width=\"50%\">\n<p align=\"CENTER\"><a href=\"https:\/\/docs.google.com\/document\/d\/1nTe0uKqxFYHTDf4yIDV8CpCSuVnFuYhz89frympVbXE\/edit?usp=sharing\"><span style=\"color: #ffffff;\"><strong><span style=\"font-family: Arial, sans-serif;\"><span style=\"font-size: large;\">Ed. pl\u00e0stica, visual i audiovisual<\/span><\/span><\/strong><\/span><\/a><\/p>\n<\/td>\n<td bgcolor=\"#ffcc00\" width=\"50%\">\n<p align=\"CENTER\"><a href=\"https:\/\/docs.google.com\/document\/d\/12ulnsAak9kODiTWIJTFQj5fqLKklsI06\/edit?usp=sharing&amp;ouid=108207597532726905066&amp;rtpof=true&amp;sd=true\"><span style=\"color: #ffffff;\"><strong><span style=\"font-family: Arial, sans-serif;\"><span style=\"font-size: large;\">M\u00fasica<\/span><\/span><\/strong><\/span><\/a><\/p>\n<\/td>\n<\/tr>\n<tr valign=\"TOP\">\n<td bgcolor=\"#ffcc00\" width=\"50%\">\n<p align=\"CENTER\"><span style=\"color: #ffffff;\"><strong><span style=\"font-family: Arial, sans-serif;\"><span style=\"font-size: large;\">Atenci\u00f3 educativa<\/span><\/span><\/strong><\/span><\/p>\n<\/td>\n<td bgcolor=\"#ffcc00\" width=\"50%\">\n<p align=\"CENTER\"><a href=\"https:\/\/drive.google.com\/file\/d\/1eHbR5lHOhbJ5WU79u0OXiCpkOxrRSFCf\/view?usp=sharing\"><span style=\"color: #ffffff;\"><strong><span style=\"font-family: Arial, sans-serif;\"><span style=\"font-size: large;\">Religi\u00f3 cat\u00f2lica<\/span><\/span><\/strong><\/span><\/a><\/p>\n<\/td>\n<\/tr>\n<tr>\n<td colspan=\"2\" valign=\"TOP\" bgcolor=\"#ff9900\" width=\"100%\">\n<h1 align=\"CENTER\"><span style=\"color: #ffffff;\"><strong><span style=\"font-family: Arial, sans-serif;\"><span style=\"font-size: large;\">OPTATIVES<\/span><\/span><\/strong><\/span><\/h1>\n<\/td>\n<\/tr>\n<tr valign=\"TOP\">\n<td bgcolor=\"#ffcc00\" width=\"50%\">\n<p align=\"CENTER\"><a href=\"https:\/\/docs.google.com\/document\/d\/1MMG_CEgpCcP0IKMYSjwXfa9ImRNNUfIoJIjuH0JN8Mw\/edit?usp=sharing\"><span style=\"color: #ffffff;\"><strong><span style=\"font-family: Arial, sans-serif;\"><span style=\"font-size: large;\">Cooperaci\u00f3 i serveis a la comunitat<\/span><\/span><\/strong><\/span><\/a><\/p>\n<\/td>\n<td bgcolor=\"#ffcc00\" width=\"50%\">\n<p align=\"CENTER\"><a href=\"https:\/\/docs.google.com\/document\/d\/1fB8oBAHlmUlNBpEDnkQk6xwnu7PO5mvQcC_Zar3ccGM\/edit?usp=sharing\"><span style=\"color: #ffffff;\"><strong><span style=\"font-family: Arial, sans-serif;\"><span style=\"font-size: large;\">Introducci\u00f3 a la filosofia<\/span><\/span><\/strong><\/span><\/a><\/p>\n<\/td>\n<\/tr>\n<tr valign=\"TOP\">\n<td bgcolor=\"#ffcc00\" width=\"50%\">\n<p align=\"CENTER\"><a href=\"https:\/\/docs.google.com\/document\/d\/1y3AkIMNLwVEfldzfUo-XXEw2rwn1-PLOb9_b_UILqEE\/edit?usp=sharing\"><span style=\"color: #ffffff;\"><strong><span style=\"font-family: Arial, sans-serif;\"><span style=\"font-size: large;\">Alemany<\/span><\/span><\/strong><\/span><\/a><\/p>\n<\/td>\n<td bgcolor=\"#ffcc00\" width=\"50%\">\n<p align=\"CENTER\"><a href=\"https:\/\/docs.google.com\/spreadsheets\/d\/1UJcTPxFUKjlM3WMH_FeULkNz4b9n-h4u71iKR6u9rSI\/edit?usp=sharing\"><span style=\"color: #ffffff;\"><strong><span style=\"font-family: Arial, sans-serif;\"><span style=\"font-size: large;\">Recursos digitals II<\/span><\/span><\/strong><\/span><\/a><\/p>\n<\/td>\n<\/tr>\n<\/tbody>\n<\/table>\n<table border=\"1\" width=\"852\" cellspacing=\"0\" cellpadding=\"5\">\n<colgroup>\n<col width=\"416\" \/>\n<col width=\"414\" \/><\/colgroup>\n<tbody>\n<tr>\n<td colspan=\"2\" valign=\"TOP\" bgcolor=\"#ff9900\" width=\"840\">\n<h1 align=\"CENTER\"><span style=\"color: #ffffff;\"><strong><span style=\"font-family: Arial, sans-serif;\"><span style=\"font-size: large;\">3r ESO: PROGRAMA D<\/span><\/span><\/strong><\/span><span style=\"color: #ffffff;\"><strong><span style=\"font-family: Arial, sans-serif;\"><span style=\"font-size: large;\">E DIVERSIFICACI\u00d3<\/span><\/span><\/strong><\/span><\/h1>\n<h1 align=\"CENTER\"><span style=\"color: #ffffff;\"><strong><span style=\"font-family: Arial, sans-serif;\"><span style=\"font-size: large;\">MAT\u00c8RIES COMUNES (OBLIGAT\u00d2RIES)<\/span><\/span><\/strong><\/span><\/h1>\n<\/td>\n<\/tr>\n<tr valign=\"TOP\">\n<td bgcolor=\"#ffcc00\" width=\"416\">\n<p align=\"CENTER\"><a href=\"https:\/\/docs.google.com\/document\/d\/1cMEC-fsXwVIKNJGFRfM-Cvm15ohYdCu9wSwQ_vxMzQs\/edit?usp=sharing\"><span style=\"color: #ffffff;\"><strong><span style=\"font-family: Arial, sans-serif;\"><span style=\"font-size: large;\">\u00c0mbit cient\u00edfic<\/span><\/span><\/strong><\/span><\/a><\/p>\n<\/td>\n<td bgcolor=\"#ffcc00\" width=\"414\">\n<p align=\"CENTER\"><span style=\"color: #ffffff;\"><strong><span style=\"font-family: Arial, sans-serif;\"><span style=\"font-size: large;\"><a href=\"https:\/\/docs.google.com\/document\/d\/1B4-QxiQbGNfrlrjwNxwWu46Tp6wrdlvBlHYFQEew-AQ\/edit?usp=sharing\"><span style=\"color: #ffffff;\">\u00c0mbit socioling\u00fc\u00edstic<\/span><\/a><\/span><\/span><\/strong><\/span><\/p>\n<\/td>\n<\/tr>\n<tr valign=\"TOP\">\n<td bgcolor=\"#ffcc00\" width=\"416\">\n<p align=\"CENTER\"><a href=\"https:\/\/docs.google.com\/document\/d\/1vpSdKKETwxW4_moZLfCiGFwDVapN8X2vj1kr9xGvveY\/edit?usp=sharing\"><span style=\"color: #ffffff;\"><strong><span style=\"font-family: Arial, sans-serif;\"><span style=\"font-size: large;\">Angl\u00e8s<\/span><\/span><\/strong><\/span><\/a><\/p>\n<\/td>\n<td bgcolor=\"#ffcc00\" width=\"414\">\n<p align=\"CENTER\"><a href=\"https:\/\/docs.google.com\/document\/d\/1e0LhxS5yrL0n2RL5ZjxDCvihzTGEsGp5\/edit?usp=sharing&amp;ouid=108207597532726905066&amp;rtpof=true&amp;sd=true\"><span style=\"color: #ffffff;\"><strong><span style=\"font-family: Arial, sans-serif;\"><span style=\"font-size: large;\">Educaci\u00f3 f\u00edsica<\/span><\/span><\/strong><\/span><\/a><\/p>\n<\/td>\n<\/tr>\n<tr>\n<td colspan=\"2\" valign=\"TOP\" bgcolor=\"#ff9900\" width=\"840\">\n<h1 align=\"CENTER\"><span style=\"color: #ffffff;\"><strong><span style=\"font-family: Arial, sans-serif;\"><span style=\"font-size: large;\">Trieu-ne una: <\/span><\/span><\/strong><\/span><\/h1>\n<\/td>\n<\/tr>\n<tr valign=\"TOP\">\n<td bgcolor=\"#ffcc00\" width=\"416\">\n<p align=\"CENTER\"><a href=\"https:\/\/docs.google.com\/document\/d\/1nTe0uKqxFYHTDf4yIDV8CpCSuVnFuYhz89frympVbXE\/edit?usp=sharing\"><span style=\"color: #ffffff;\"><strong><span style=\"font-family: Arial, sans-serif;\"><span style=\"font-size: large;\">Ed. pl\u00e0stica, visual i audiovisual<\/span><\/span><\/strong><\/span><\/a><\/p>\n<\/td>\n<td bgcolor=\"#ffcc00\" width=\"414\">\n<p align=\"CENTER\"><a href=\"https:\/\/drive.google.com\/file\/d\/1x8oN29hxVcJ26yK7o8mRYH4tS9qVjXOO\/view?usp=sharing\"><span style=\"color: #ffffff;\"><strong><span style=\"font-family: Arial, sans-serif;\"><span style=\"font-size: large;\">M\u00fasica<\/span><\/span><\/strong><\/span><\/a><\/p>\n<\/td>\n<\/tr>\n<tr valign=\"TOP\">\n<td bgcolor=\"#ffcc00\" width=\"416\">\n<p align=\"CENTER\"><span style=\"color: #ffffff;\"><strong><span style=\"font-family: Arial, sans-serif;\"><span style=\"font-size: large;\">Atenci\u00f3 educativa<\/span><\/span><\/strong><\/span><\/p>\n<\/td>\n<td bgcolor=\"#ffcc00\" width=\"414\">\n<p align=\"CENTER\"><a href=\"https:\/\/drive.google.com\/file\/d\/1eHbR5lHOhbJ5WU79u0OXiCpkOxrRSFCf\/view?usp=sharing\"><span style=\"color: #ffffff;\"><strong><span style=\"font-family: Arial, sans-serif;\"><span style=\"font-size: large;\">Religi\u00f3 cat\u00f2lica<\/span><\/span><\/strong><\/span><\/a><\/p>\n<\/td>\n<\/tr>\n<tr>\n<td colspan=\"2\" valign=\"TOP\" bgcolor=\"#ff9900\" width=\"840\">\n<h1 align=\"CENTER\"><span style=\"color: #ffffff;\"><strong><span style=\"font-family: Arial, sans-serif;\"><span style=\"font-size: large;\">OPTATIVES<\/span><\/span><\/strong><\/span><\/h1>\n<\/td>\n<\/tr>\n<tr valign=\"TOP\">\n<td bgcolor=\"#ffcc00\" width=\"416\">\n<p align=\"CENTER\"><a href=\"https:\/\/docs.google.com\/document\/d\/1MMG_CEgpCcP0IKMYSjwXfa9ImRNNUfIoJIjuH0JN8Mw\/edit?usp=sharing\"><span style=\"color: #ffffff;\"><strong><span style=\"font-family: Arial, sans-serif;\"><span style=\"font-size: large;\">Cooperaci\u00f3 i serveis a la comunitat<\/span><\/span><\/strong><\/span><\/a><\/p>\n<\/td>\n<td bgcolor=\"#ffcc00\" width=\"414\">\n<p align=\"CENTER\"><a href=\"https:\/\/docs.google.com\/document\/d\/1fB8oBAHlmUlNBpEDnkQk6xwnu7PO5mvQcC_Zar3ccGM\/edit?usp=sharing\"><span style=\"color: #ffffff;\"><strong><span style=\"font-family: Arial, sans-serif;\"><span style=\"font-size: large;\">Introducci\u00f3 a la filosofia<\/span><\/span><\/strong><\/span><\/a><\/p>\n<\/td>\n<\/tr>\n<tr valign=\"TOP\">\n<td bgcolor=\"#ffcc00\" width=\"416\">\n<p align=\"CENTER\"><a href=\"https:\/\/docs.google.com\/document\/d\/1y3AkIMNLwVEfldzfUo-XXEw2rwn1-PLOb9_b_UILqEE\/edit?usp=sharing\"><span style=\"color: #ffffff;\"><strong><span style=\"font-family: Arial, sans-serif;\"><span style=\"font-size: large;\">Alemany<\/span><\/span><\/strong><\/span><\/a><\/p>\n<\/td>\n<td bgcolor=\"#ffcc00\" width=\"414\">\n<p align=\"CENTER\"><a href=\"https:\/\/docs.google.com\/spreadsheets\/d\/1UJcTPxFUKjlM3WMH_FeULkNz4b9n-h4u71iKR6u9rSI\/edit?usp=sharing\"><span style=\"color: #ffffff;\"><strong><span style=\"font-family: Arial, sans-serif;\"><span style=\"font-size: large;\">Recursos digitals II<\/span><\/span><\/strong><\/span><\/a><\/p>\n<\/td>\n<\/tr>\n<\/tbody>\n<\/table>\n","protected":false},"excerpt":{"rendered":"<p>3r d&#8217;ESO: CLICAU DAMUNT CADA ASSIGNATURA PER A VEURE ELS SEUS CRITERIS D&#8217;AVALUACI\u00d3 I QUALIFICACI\u00d3 3r d&#8217;ESO MAT\u00c8RIES COMUNES (OBLIGAT\u00d2RIES) Biologia i geologia Educaci\u00f3 f\u00edsica Geografia i Hist\u00f2ria Llengua castellana &#8230;<\/p>\n","protected":false},"author":2,"featured_media":0,"parent":9,"menu_order":0,"comment_status":"closed","ping_status":"closed","template":"","meta":{"footnotes":""},"_links":{"self":[{"href":"https:\/\/www.iesmossenalcover.cat\/home\/wp-json\/wp\/v2\/pages\/3356"}],"collection":[{"href":"https:\/\/www.iesmossenalcover.cat\/home\/wp-json\/wp\/v2\/pages"}],"about":[{"href":"https:\/\/www.iesmossenalcover.cat\/home\/wp-json\/wp\/v2\/types\/page"}],"author":[{"embeddable":true,"href":"https:\/\/www.iesmossenalcover.cat\/home\/wp-json\/wp\/v2\/users\/2"}],"replies":[{"embeddable":true,"href":"https:\/\/www.iesmossenalcover.cat\/home\/wp-json\/wp\/v2\/comments?post=3356"}],"version-history":[{"count":38,"href":"https:\/\/www.iesmossenalcover.cat\/home\/wp-json\/wp\/v2\/pages\/3356\/revisions"}],"predecessor-version":[{"id":10870,"href":"https:\/\/www.iesmossenalcover.cat\/home\/wp-json\/wp\/v2\/pages\/3356\/revisions\/10870"}],"up":[{"embeddable":true,"href":"https:\/\/www.iesmossenalcover.cat\/home\/wp-json\/wp\/v2\/pages\/9"}],"wp:attachment":[{"href":"https:\/\/www.iesmossenalcover.cat\/home\/wp-json\/wp\/v2\/media?parent=3356"}],"curies":[{"name":"wp","href":"https:\/\/api.w.org\/{rel}","templated":true}]}}